{"id":1821,"date":"2021-06-20T12:06:16","date_gmt":"2021-06-20T09:06:16","guid":{"rendered":"https:\/\/melekambalaj.com\/?post_type=product&#038;p=1821"},"modified":"2021-06-20T20:45:24","modified_gmt":"2021-06-20T17:45:24","slug":"ozel-tasarim-elgecmeli-ve-brodel-cantalar","status":"publish","type":"product","link":"https:\/\/melekambalaj.com\/?product=ozel-tasarim-elgecmeli-ve-brodel-cantalar","title":{"rendered":"\u00d6zel Tasar\u0131m Elge\u00e7meli ve Brodel \u00c7antalar"},"content":{"rendered":"<ul>\n<li>Markan\u0131za \u00f6zel tasar\u0131mla bask\u0131 yap\u0131bilir<\/li>\n<li>\u0130stedi\u011finiz ebatlarda \u00fcretim yap\u0131labilir.<\/li>\n<\/ul>\n<p>&nbsp;<\/p>\n<p>&nbsp;<\/p>\n<p>Siz isteyin biz tasarl\u0131yal\u0131m<\/p>\n<p>&nbsp;<\/p>\n<p>\u00d6zellikle ayakkab\u0131, tekstil, k\u0131rtasiye .kuruyemi\u015f, market , cafe, h\u0131rdavat, baklava, \u00e7eyiz z\u00fcccaciye \u015fark\u00fcteri pastahane,\u00a0 gibi alanlarda kullan\u0131lmaktad\u0131r.<\/p>\n","protected":false},"excerpt":{"rendered":"<p>Markan\u0131za \u00f6zel tasar\u0131mla bask\u0131 yap\u0131bilir \u0130stedi\u011finiz ebatlarda \u00fcretim yap\u0131labilir. &nbsp; &nbsp; Siz isteyin biz tasarl\u0131yal\u0131m &nbsp; \u00d6zellikle ayakkab\u0131, tekstil, k\u0131rtasiye .kuruyemi\u015f, market , cafe, h\u0131rdavat, baklava, \u00e7eyiz z\u00fcccaciye \u015fark\u00fcteri pastahane,\u00a0 gibi alanlarda kullan\u0131lmaktad\u0131r.<\/p>\n","protected":false},"featured_media":2012,"template":"","meta":[],"product_cat":[42],"product_tag":[34,31,32,30,35,28,33,27,29],"class_list":{"0":"post-1821","1":"product","2":"type-product","3":"status-publish","4":"has-post-thumbnail","6":"product_cat-canta","7":"product_tag-aluminyum-poset","8":"product_tag-ambalaj","9":"product_tag-cerez-poseti","10":"product_tag-doypack","11":"product_tag-doypak-ambalaj","12":"product_tag-kilitli-poset","13":"product_tag-kuruyemis-poseti","14":"product_tag-mat-siyah-aluminyum-poset","15":"product_tag-oturan-poset","16":"zita-woo-hover-zoom","17":"zita-woo-alignment-center","18":"zita-shadow-2","19":"zita-shadow-hover-2","20":"zita-single-product-content-right","21":"zita-single-product-tab-vertical","23":"first","24":"instock","25":"shipping-taxable","26":"purchasable","27":"product-type-variable"},"_links":{"self":[{"href":"https:\/\/melekambalaj.com\/index.php?rest_route=\/wp\/v2\/product\/1821","targetHints":{"allow":["GET"]}}],"collection":[{"href":"https:\/\/melekambalaj.com\/index.php?rest_route=\/wp\/v2\/product"}],"about":[{"href":"https:\/\/melekambalaj.com\/index.php?rest_route=\/wp\/v2\/types\/product"}],"wp:featuredmedia":[{"embeddable":true,"href":"https:\/\/melekambalaj.com\/index.php?rest_route=\/wp\/v2\/media\/2012"}],"wp:attachment":[{"href":"https:\/\/melekambalaj.com\/index.php?rest_route=%2Fwp%2Fv2%2Fmedia&parent=1821"}],"wp:term":[{"taxonomy":"product_cat","embeddable":true,"href":"https:\/\/melekambalaj.com\/index.php?rest_route=%2Fwp%2Fv2%2Fproduct_cat&post=1821"},{"taxonomy":"product_tag","embeddable":true,"href":"https:\/\/melekambalaj.com\/index.php?rest_route=%2Fwp%2Fv2%2Fproduct_tag&post=1821"}],"curies":[{"name":"wp","href":"https:\/\/api.w.org\/{rel}","templated":true}]}}