{"id":123,"date":"2018-09-01T12:57:22","date_gmt":"2018-09-01T12:57:22","guid":{"rendered":"https:\/\/wpzita.com\/zitademo\/furniture-shop\/?page_id=123"},"modified":"2021-06-25T12:15:50","modified_gmt":"2021-06-25T09:15:50","slug":"about-us","status":"publish","type":"page","link":"https:\/\/melekambalaj.com\/?page_id=123","title":{"rendered":"About Us"},"content":{"rendered":"\t\t<div data-elementor-type=\"wp-post\" data-elementor-id=\"123\" class=\"elementor elementor-123\">\n\t\t\t\t\t\t<div class=\"elementor-inner\">\n\t\t\t\t<div class=\"elementor-section-wrap\">\n\t\t\t\t\t\t\t\t\t<section class=\"elementor-section elementor-top-section elementor-element elementor-element-5aadbd4 elementor-section-boxed elementor-section-height-default elementor-section-height-default\" data-id=\"5aadbd4\" data-element_type=\"section\" data-settings=\"{&quot;background_background&quot;:&quot;classic&quot;}\">\n\t\t\t\t\t\t<div class=\"elementor-container elementor-column-gap-default\">\n\t\t\t\t\t\t\t<div class=\"elementor-row\">\n\t\t\t\t\t<div class=\"elementor-column elementor-col-100 elementor-top-column elementor-element elementor-element-0a0567e\" data-id=\"0a0567e\" data-element_type=\"column\">\n\t\t\t<div class=\"elementor-column-wrap elementor-element-populated\">\n\t\t\t\t\t\t\t<div class=\"elementor-widget-wrap\">\n\t\t\t\t\t\t<section class=\"elementor-section elementor-inner-section elementor-element elementor-element-06166d0 elementor-section-boxed elementor-section-height-default elementor-section-height-default\" data-id=\"06166d0\" data-element_type=\"section\">\n\t\t\t\t\t\t<div class=\"elementor-container elementor-column-gap-default\">\n\t\t\t\t\t\t\t<div class=\"elementor-row\">\n\t\t\t\t\t<div class=\"elementor-column elementor-col-100 elementor-inner-column elementor-element elementor-element-1c71c93\" data-id=\"1c71c93\" data-element_type=\"column\">\n\t\t\t<div class=\"elementor-column-wrap elementor-element-populated\">\n\t\t\t\t\t\t\t<div class=\"elementor-widget-wrap\">\n\t\t\t\t\t\t<div class=\"elementor-element elementor-element-14f20d8 elementor-view-default elementor-widget elementor-widget-icon\" data-id=\"14f20d8\" data-element_type=\"widget\" data-widget_type=\"icon.default\">\n\t\t\t\t<div class=\"elementor-widget-container\">\n\t\t\t\t\t<div class=\"elementor-icon-wrapper\">\n\t\t\t<div class=\"elementor-icon\">\n\t\t\t<i aria-hidden=\"true\" class=\"fas fa-quote-right\"><\/i>\t\t\t<\/div>\n\t\t<\/div>\n\t\t\t\t<\/div>\n\t\t\t\t<\/div>\n\t\t\t\t<div class=\"elementor-element elementor-element-27d3920 elementor-widget elementor-widget-heading\" data-id=\"27d3920\" data-element_type=\"widget\" data-widget_type=\"heading.default\">\n\t\t\t\t<div class=\"elementor-widget-container\">\n\t\t\t<h2 class=\"elementor-heading-title elementor-size-default\">Misyon<\/h2>\t\t<\/div>\n\t\t\t\t<\/div>\n\t\t\t\t<div class=\"elementor-element elementor-element-987e64d elementor-widget elementor-widget-text-editor\" data-id=\"987e64d\" data-element_type=\"widget\" data-widget_type=\"text-editor.default\">\n\t\t\t\t<div class=\"elementor-widget-container\">\n\t\t\t\t\t\t\t\t<div class=\"elementor-text-editor elementor-clearfix\">\n\t\t\t\t<p>Organizasyon olarak s\u00fcrekli geli\u015ferek, m\u00fc\u015fteri ihtiya\u00e7lar\u0131n\u0131 y\u00fcksek verimlilik ve \u00fcr\u00fcn, hizmet kalitesiyle zaman\u0131nda kar\u015f\u0131lamak.<\/p>\t\t\t\t\t<\/div>\n\t\t\t\t\t\t<\/div>\n\t\t\t\t<\/div>\n\t\t\t\t<div class=\"elementor-element elementor-element-8e03ab1 elementor-widget elementor-widget-heading\" data-id=\"8e03ab1\" data-element_type=\"widget\" data-widget_type=\"heading.default\">\n\t\t\t\t<div class=\"elementor-widget-container\">\n\t\t\t<h2 class=\"elementor-heading-title elementor-size-default\">De\u011ferlerimiz<\/h2>\t\t<\/div>\n\t\t\t\t<\/div>\n\t\t\t\t<div class=\"elementor-element elementor-element-118bf9b elementor-widget elementor-widget-heading\" data-id=\"118bf9b\" data-element_type=\"widget\" data-widget_type=\"heading.default\">\n\t\t\t\t<div class=\"elementor-widget-container\">\n\t\t\t<h2 class=\"elementor-heading-title elementor-size-default\"><span style=\"color: rgb(102, 102, 102); font-family: &quot;Open Sans&quot;; font-size: 14px; font-style: normal; font-weight: 400; letter-spacing: normal; white-space: normal;\">\u2013 S\u00fcrekli \u00f6\u011frenen, geli\u015fen bir organizasyonuz.<\/span><br><span style=\"color: rgb(102, 102, 102); font-family: &quot;Open Sans&quot;; font-size: 14px; font-style: normal; font-weight: 400; letter-spacing: normal; white-space: normal;\">\u2013 \u00c7evik ve yal\u0131n bir organizasyonuz, h\u0131zl\u0131 karar al\u0131r\u0131z.<\/span><br style=\"color: rgb(102, 102, 102); font-family: &quot;Open Sans&quot;; font-size: 14px; font-weight: 400; letter-spacing: normal; white-space: normal;\"><span style=\"color: rgb(102, 102, 102); font-family: &quot;Open Sans&quot;; font-size: 14px; font-style: normal; font-weight: 400; letter-spacing: normal; white-space: normal;\">\u2013 \u0130\u015fimizi tutku ile yapar\u0131z, ekip olarak birlikte \u00e7al\u0131\u015fmaktan keyif al\u0131r\u0131z.<\/span><br style=\"color: rgb(102, 102, 102); font-family: &quot;Open Sans&quot;; font-size: 14px; font-weight: 400; letter-spacing: normal; white-space: normal;\"><span style=\"color: rgb(102, 102, 102); font-family: &quot;Open Sans&quot;; font-size: 14px; font-style: normal; font-weight: 400; letter-spacing: normal; white-space: normal;\">\u2013 M\u00fc\u015fteri odakl\u0131y\u0131z.<\/span><br style=\"color: rgb(102, 102, 102); font-family: &quot;Open Sans&quot;; font-size: 14px; font-weight: 400; letter-spacing: normal; white-space: normal;\"><span style=\"color: rgb(102, 102, 102); font-family: &quot;Open Sans&quot;; font-size: 14px; font-style: normal; font-weight: 400; letter-spacing: normal; white-space: normal;\">\u2013 \u015eeffaf\u0131z.<\/span><br style=\"color: rgb(102, 102, 102); font-family: &quot;Open Sans&quot;; font-size: 14px; font-weight: 400; letter-spacing: normal; white-space: normal;\"><span style=\"color: rgb(102, 102, 102); font-family: &quot;Open Sans&quot;; font-size: 14px; font-style: normal; font-weight: 400; letter-spacing: normal; white-space: normal;\">\u2013 En \u00f6nemli sermayemiz insan kayna\u011f\u0131m\u0131z.<\/span><br style=\"color: rgb(102, 102, 102); font-family: &quot;Open Sans&quot;; font-size: 14px; font-weight: 400; letter-spacing: normal; white-space: normal;\"><span style=\"color: rgb(102, 102, 102); font-family: &quot;Open Sans&quot;; font-size: 14px; font-style: normal; font-weight: 400; letter-spacing: normal; white-space: normal;\">\u2013 \u00dcst\u00fcn i\u015f ahlak\u0131 ve d\u00fcr\u00fcstl\u00fck ile \u00e7al\u0131\u015f\u0131r\u0131z.<\/span><br style=\"color: rgb(102, 102, 102); font-family: &quot;Open Sans&quot;; font-size: 14px; font-weight: 400; letter-spacing: normal; white-space: normal;\"><span style=\"color: rgb(102, 102, 102); font-family: &quot;Open Sans&quot;; font-size: 14px; font-style: normal; font-weight: 400; letter-spacing: normal; white-space: normal;\">\u2013 \u00dcr\u00fcn ve Hizmet kalitesi vazge\u00e7ilmez de\u011ferlerimizdir.<\/span><\/h2>\t\t<\/div>\n\t\t\t\t<\/div>\n\t\t\t\t\t\t<\/div>\n\t\t\t\t\t<\/div>\n\t\t<\/div>\n\t\t\t\t\t\t\t\t<\/div>\n\t\t\t\t\t<\/div>\n\t\t<\/section>\n\t\t\t\t\t\t<\/div>\n\t\t\t\t\t<\/div>\n\t\t<\/div>\n\t\t\t\t\t\t\t\t<\/div>\n\t\t\t\t\t<\/div>\n\t\t<\/section>\n\t\t\t\t<section class=\"elementor-section elementor-top-section elementor-element elementor-element-684949a elementor-section-boxed elementor-section-height-default elementor-section-height-default\" data-id=\"684949a\" data-element_type=\"section\" data-settings=\"{&quot;background_background&quot;:&quot;classic&quot;}\">\n\t\t\t\t\t\t<div class=\"elementor-container elementor-column-gap-default\">\n\t\t\t\t\t\t\t<div class=\"elementor-row\">\n\t\t\t\t\t<div class=\"elementor-column elementor-col-100 elementor-top-column elementor-element elementor-element-ad4e19c\" data-id=\"ad4e19c\" data-element_type=\"column\">\n\t\t\t<div class=\"elementor-column-wrap elementor-element-populated\">\n\t\t\t\t\t\t\t<div class=\"elementor-widget-wrap\">\n\t\t\t\t\t\t<section class=\"elementor-section elementor-inner-section elementor-element elementor-element-944db27 elementor-section-boxed elementor-section-height-default elementor-section-height-default\" data-id=\"944db27\" data-element_type=\"section\">\n\t\t\t\t\t\t<div class=\"elementor-container elementor-column-gap-default\">\n\t\t\t\t\t\t\t<div class=\"elementor-row\">\n\t\t\t\t\t<div class=\"elementor-column elementor-col-25 elementor-inner-column elementor-element elementor-element-5f813f6\" data-id=\"5f813f6\" data-element_type=\"column\">\n\t\t\t<div class=\"elementor-column-wrap\">\n\t\t\t\t\t\t\t<div class=\"elementor-widget-wrap\">\n\t\t\t\t\t\t\t\t<\/div>\n\t\t\t\t\t<\/div>\n\t\t<\/div>\n\t\t\t\t<div class=\"elementor-column elementor-col-25 elementor-inner-column elementor-element elementor-element-2c2fa94\" data-id=\"2c2fa94\" data-element_type=\"column\">\n\t\t\t<div class=\"elementor-column-wrap elementor-element-populated\">\n\t\t\t\t\t\t\t<div class=\"elementor-widget-wrap\">\n\t\t\t\t\t\t<div class=\"elementor-element elementor-element-a201772 elementor-widget elementor-widget-heading\" data-id=\"a201772\" data-element_type=\"widget\" data-widget_type=\"heading.default\">\n\t\t\t\t<div class=\"elementor-widget-container\">\n\t\t\t<h2 class=\"elementor-heading-title elementor-size-default\">Kurulu\u015f<\/h2>\t\t<\/div>\n\t\t\t\t<\/div>\n\t\t\t\t<div class=\"elementor-element elementor-element-b789845 elementor-widget elementor-widget-heading\" data-id=\"b789845\" data-element_type=\"widget\" data-widget_type=\"heading.default\">\n\t\t\t\t<div class=\"elementor-widget-container\">\n\t\t\t<h2 class=\"elementor-heading-title elementor-size-default\">2012<\/h2>\t\t<\/div>\n\t\t\t\t<\/div>\n\t\t\t\t\t\t<\/div>\n\t\t\t\t\t<\/div>\n\t\t<\/div>\n\t\t\t\t<div class=\"elementor-column elementor-col-25 elementor-inner-column elementor-element elementor-element-91b5d84\" data-id=\"91b5d84\" data-element_type=\"column\">\n\t\t\t<div class=\"elementor-column-wrap elementor-element-populated\">\n\t\t\t\t\t\t\t<div class=\"elementor-widget-wrap\">\n\t\t\t\t\t\t<div class=\"elementor-element elementor-element-f63cc12 elementor-tabs-view-horizontal elementor-widget elementor-widget-tabs\" data-id=\"f63cc12\" data-element_type=\"widget\" data-widget_type=\"tabs.default\">\n\t\t\t\t<div class=\"elementor-widget-container\">\n\t\t\t\t\t<div class=\"elementor-tabs\">\n\t\t\t<div class=\"elementor-tabs-wrapper\" role=\"tablist\" >\n\t\t\t\t\t\t\t\t\t<div id=\"elementor-tab-title-2581\" class=\"elementor-tab-title elementor-tab-desktop-title\" aria-selected=\"true\" data-tab=\"1\" role=\"tab\" tabindex=\"0\" aria-controls=\"elementor-tab-content-2581\" aria-expanded=\"false\"><a href=\"\">Hikayemiz<\/a><\/div>\n\t\t\t\t\t\t\t<\/div>\n\t\t\t<div class=\"elementor-tabs-content-wrapper\" role=\"tablist\" aria-orientation=\"vertical\">\n\t\t\t\t\t\t\t\t\t<div class=\"elementor-tab-title elementor-tab-mobile-title\" aria-selected=\"true\" data-tab=\"1\" role=\"tab\" tabindex=\"0\" aria-controls=\"elementor-tab-content-2581\" aria-expanded=\"false\">Hikayemiz<\/div>\n\t\t\t\t\t<div id=\"elementor-tab-content-2581\" class=\"elementor-tab-content elementor-clearfix\" data-tab=\"1\" role=\"tabpanel\" aria-labelledby=\"elementor-tab-title-2581\" tabindex=\"0\" hidden=\"false\"><p>Tecr\u00fcbe ve bilgisini 21. y\u00fczy\u0131l\u0131n teknolojisi ile birle\u015ftirip her zaman g\u00fcvenilen, be\u011fenilen bir markay\u0131 olu\u015fturmay\u0131 hedefleyen Melek Ambalaj, yeni at\u0131l\u0131mlarla liderlik hedeflerinden \u00f6d\u00fcn vermeden gelece\u011fe do\u011fru sa\u011flam ad\u0131mlarla ilerlemeyi g\u00f6rev bilmektedir.<\/p><\/div>\n\t\t\t\t\t\t\t<\/div>\n\t\t<\/div>\n\t\t\t\t<\/div>\n\t\t\t\t<\/div>\n\t\t\t\t\t\t<\/div>\n\t\t\t\t\t<\/div>\n\t\t<\/div>\n\t\t\t\t<div class=\"elementor-column elementor-col-25 elementor-inner-column elementor-element elementor-element-dd745c5\" data-id=\"dd745c5\" data-element_type=\"column\">\n\t\t\t<div class=\"elementor-column-wrap\">\n\t\t\t\t\t\t\t<div class=\"elementor-widget-wrap\">\n\t\t\t\t\t\t\t\t<\/div>\n\t\t\t\t\t<\/div>\n\t\t<\/div>\n\t\t\t\t\t\t\t\t<\/div>\n\t\t\t\t\t<\/div>\n\t\t<\/section>\n\t\t\t\t\t\t<\/div>\n\t\t\t\t\t<\/div>\n\t\t<\/div>\n\t\t\t\t\t\t\t\t<\/div>\n\t\t\t\t\t<\/div>\n\t\t<\/section>\n\t\t\t\t<section class=\"elementor-section elementor-top-section elementor-element elementor-element-6c9ff816 elementor-section-boxed elementor-section-height-default elementor-section-height-default\" data-id=\"6c9ff816\" data-element_type=\"section\" data-settings=\"{&quot;background_background&quot;:&quot;classic&quot;}\">\n\t\t\t\t\t\t\t<div class=\"elementor-background-overlay\"><\/div>\n\t\t\t\t\t\t\t<div class=\"elementor-container elementor-column-gap-default\">\n\t\t\t\t\t\t\t<div class=\"elementor-row\">\n\t\t\t\t\t<div class=\"elementor-column elementor-col-100 elementor-top-column elementor-element elementor-element-42d891f3\" data-id=\"42d891f3\" data-element_type=\"column\">\n\t\t\t<div class=\"elementor-column-wrap elementor-element-populated\">\n\t\t\t\t\t\t\t<div class=\"elementor-widget-wrap\">\n\t\t\t\t\t\t<section class=\"elementor-section elementor-inner-section elementor-element elementor-element-3b02864d elementor-section-boxed elementor-section-height-default elementor-section-height-default\" data-id=\"3b02864d\" data-element_type=\"section\">\n\t\t\t\t\t\t<div class=\"elementor-container elementor-column-gap-default\">\n\t\t\t\t\t\t\t<div class=\"elementor-row\">\n\t\t\t\t\t<div class=\"elementor-column elementor-col-50 elementor-inner-column elementor-element elementor-element-66414a44\" data-id=\"66414a44\" data-element_type=\"column\">\n\t\t\t<div class=\"elementor-column-wrap elementor-element-populated\">\n\t\t\t\t\t\t\t<div class=\"elementor-widget-wrap\">\n\t\t\t\t\t\t<div class=\"elementor-element elementor-element-638470e4 elementor-widget elementor-widget-testimonial\" data-id=\"638470e4\" data-element_type=\"widget\" data-widget_type=\"testimonial.default\">\n\t\t\t\t<div class=\"elementor-widget-container\">\n\t\t\t\t\t<div class=\"elementor-testimonial-wrapper\">\n\t\t\t\t\t\t\t<div class=\"elementor-testimonial-content\">\n\n\n\n\n\n\n\n\n<\/div>\n\t\t\t\n\t\t\t\t\t<\/div>\n\t\t\t\t<\/div>\n\t\t\t\t<\/div>\n\t\t\t\t<div class=\"elementor-element elementor-element-a04bcaf elementor-widget elementor-widget-testimonial\" data-id=\"a04bcaf\" data-element_type=\"widget\" data-widget_type=\"testimonial.default\">\n\t\t\t\t<div class=\"elementor-widget-container\">\n\t\t\t\t\t<div class=\"elementor-testimonial-wrapper\">\n\t\t\t\t\t\t\t<div class=\"elementor-testimonial-content\">\n\n\n\n\n\n\n\n\n<\/div>\n\t\t\t\n\t\t\t\t\t<\/div>\n\t\t\t\t<\/div>\n\t\t\t\t<\/div>\n\t\t\t\t<div class=\"elementor-element elementor-element-2be65bd elementor-widget elementor-widget-testimonial\" data-id=\"2be65bd\" data-element_type=\"widget\" data-widget_type=\"testimonial.default\">\n\t\t\t\t<div class=\"elementor-widget-container\">\n\t\t\t\t\t<div class=\"elementor-testimonial-wrapper\">\n\t\t\t\t\t\t\t<div class=\"elementor-testimonial-content\">\n\n\n\n\n\n\n\n\n<\/div>\n\t\t\t\n\t\t\t\t\t<\/div>\n\t\t\t\t<\/div>\n\t\t\t\t<\/div>\n\t\t\t\t<div class=\"elementor-element elementor-element-e8f4c55 elementor-widget elementor-widget-testimonial\" data-id=\"e8f4c55\" data-element_type=\"widget\" data-widget_type=\"testimonial.default\">\n\t\t\t\t<div class=\"elementor-widget-container\">\n\t\t\t\t\t<div class=\"elementor-testimonial-wrapper\">\n\t\t\t\t\t\t\t<div class=\"elementor-testimonial-content\">\n\n\n\n\n\n\n\n\n<\/div>\n\t\t\t\n\t\t\t\t\t<\/div>\n\t\t\t\t<\/div>\n\t\t\t\t<\/div>\n\t\t\t\t<div class=\"elementor-element elementor-element-10197b0 elementor-widget elementor-widget-testimonial\" data-id=\"10197b0\" data-element_type=\"widget\" data-widget_type=\"testimonial.default\">\n\t\t\t\t<div class=\"elementor-widget-container\">\n\t\t\t\t\t<div class=\"elementor-testimonial-wrapper\">\n\t\t\t\t\t\t\t<div class=\"elementor-testimonial-content\">\n\n\n\n\n\n\n\n\n<\/div>\n\t\t\t\n\t\t\t\t\t<\/div>\n\t\t\t\t<\/div>\n\t\t\t\t<\/div>\n\t\t\t\t\t\t<\/div>\n\t\t\t\t\t<\/div>\n\t\t<\/div>\n\t\t\t\t<div class=\"elementor-column elementor-col-50 elementor-inner-column elementor-element elementor-element-4bdf6578\" data-id=\"4bdf6578\" data-element_type=\"column\">\n\t\t\t<div class=\"elementor-column-wrap\">\n\t\t\t\t\t\t\t<div class=\"elementor-widget-wrap\">\n\t\t\t\t\t\t\t\t<\/div>\n\t\t\t\t\t<\/div>\n\t\t<\/div>\n\t\t\t\t\t\t\t\t<\/div>\n\t\t\t\t\t<\/div>\n\t\t<\/section>\n\t\t\t\t\t\t<\/div>\n\t\t\t\t\t<\/div>\n\t\t<\/div>\n\t\t\t\t\t\t\t\t<\/div>\n\t\t\t\t\t<\/div>\n\t\t<\/section>\n\t\t\t\t\t\t\t\t\t<\/div>\n\t\t\t<\/div>\n\t\t\t\t\t<\/div>\n\t\t","protected":false},"excerpt":{"rendered":"<p>Misyon Organizasyon olarak s\u00fcrekli geli\u015ferek, m\u00fc\u015fteri ihtiya\u00e7lar\u0131n\u0131 y\u00fcksek verimlilik ve \u00fcr\u00fcn, hizmet kalitesiyle zaman\u0131nda kar\u015f\u0131lamak. De\u011ferlerimiz \u2013 S\u00fcrekli \u00f6\u011frenen, geli\u015fen bir organizasyonuz.\u2013 \u00c7evik ve yal\u0131n bir organizasyonuz, h\u0131zl\u0131 karar al\u0131r\u0131z.\u2013 \u0130\u015fimizi tutku ile yapar\u0131z, ekip olarak birlikte \u00e7al\u0131\u015fmaktan keyif al\u0131r\u0131z.\u2013 M\u00fc\u015fteri odakl\u0131y\u0131z.\u2013 \u015eeffaf\u0131z.\u2013 En \u00f6nemli sermayemiz insan kayna\u011f\u0131m\u0131z.\u2013 \u00dcst\u00fcn i\u015f ahlak\u0131 ve d\u00fcr\u00fcstl\u00fck ile \u00e7al\u0131\u015f\u0131r\u0131z.\u2013 [&hellip;]<\/p>\n","protected":false},"author":1,"featured_media":0,"parent":0,"menu_order":0,"comment_status":"closed","ping_status":"closed","template":"elementor_header_footer","meta":{"footnotes":""},"class_list":["post-123","page","type-page","status-publish","hentry","zita-woo-hover-zoom","zita-woo-alignment-center","zita-shadow-2","zita-shadow-hover-2","zita-single-product-content-right","zita-single-product-tab-vertical"],"_links":{"self":[{"href":"https:\/\/melekambalaj.com\/index.php?rest_route=\/wp\/v2\/pages\/123","targetHints":{"allow":["GET"]}}],"collection":[{"href":"https:\/\/melekambalaj.com\/index.php?rest_route=\/wp\/v2\/pages"}],"about":[{"href":"https:\/\/melekambalaj.com\/index.php?rest_route=\/wp\/v2\/types\/page"}],"author":[{"embeddable":true,"href":"https:\/\/melekambalaj.com\/index.php?rest_route=\/wp\/v2\/users\/1"}],"replies":[{"embeddable":true,"href":"https:\/\/melekambalaj.com\/index.php?rest_route=%2Fwp%2Fv2%2Fcomments&post=123"}],"version-history":[{"count":34,"href":"https:\/\/melekambalaj.com\/index.php?rest_route=\/wp\/v2\/pages\/123\/revisions"}],"predecessor-version":[{"id":2156,"href":"https:\/\/melekambalaj.com\/index.php?rest_route=\/wp\/v2\/pages\/123\/revisions\/2156"}],"wp:attachment":[{"href":"https:\/\/melekambalaj.com\/index.php?rest_route=%2Fwp%2Fv2%2Fmedia&parent=123"}],"curies":[{"name":"wp","href":"https:\/\/api.w.org\/{rel}","templated":true}]}}