{"id":1702,"date":"2021-06-18T18:55:04","date_gmt":"2021-06-18T15:55:04","guid":{"rendered":"https:\/\/melekambalaj.com\/?post_type=product&#038;p=1702"},"modified":"2026-03-04T14:35:26","modified_gmt":"2026-03-04T11:35:26","slug":"yandan-koruklu-seffaf-cerez-poseti","status":"publish","type":"product","link":"https:\/\/melekambalaj.com\/?product=yandan-koruklu-seffaf-cerez-poseti","title":{"rendered":"Yandan K\u00f6r\u00fckl\u00fc \u015eeffaf  Opp \u00c7erez Po\u015feti"},"content":{"rendered":"<ul>\n<li>\u00dcr\u00fcn g\u0131da temas\u0131na uygun niteliktedir.<\/li>\n<li>Komple \u015feffaf yap\u0131s\u0131yla \u00fcr\u00fcn\u00fcn\u00fcz\u00fcn tam olarak g\u00f6r\u00fcnmesi sa\u011flar.<\/li>\n<li>\u00dcr\u00fcn yap\u0131s\u0131ndan\u00a0\u00a0 dolay\u0131 parlak toz tutmama ve y\u00fczeyde d\u00fczg\u00fcnl\u00fck \u00f6zelliklerine sahiptir.<\/li>\n<li>En cok kullan\u0131lan ambalaj modelidir.<\/li>\n<li>\u00dcr\u00fcn d\u00fc\u015f\u00fck maliyetlidir.<\/li>\n<\/ul>\n<p><strong>Yandan k\u00f6r\u00fckl\u00fc opp <\/strong><strong>\u015f<\/strong><strong>effaf po<\/strong><strong>\u015f<\/strong><strong>etler<\/strong><strong>\u00a0<\/strong>her iki yan\u0131nda bulunan k\u00f6r\u00fckleri dolay\u0131s\u0131yla olduk\u00e7a geni\u015f i\u00e7 hacme sahip ambalajlard\u0131r.<\/p>\n<ul>\n<li>A\u011f\u0131z k\u0131sm\u0131n\u0131 kapatma teli veya \u0131s\u0131l yap\u0131\u015fma makinas\u0131\u00a0 ile kapatabilirsiniz.<\/li>\n<li>Markan\u0131za \u00f6zel\u00a0 tasar\u0131mla bask\u0131 yap\u0131labilir.<\/li>\n<li>\u0130stedi\u011f\u0130niz\u00a0 ebatlarda size \u00f6zel \u00fcretilebilir.<\/li>\n<\/ul>\n<p>&nbsp;<\/p>\n<p>\u00d6zellikle kuruyemi\u015f, kahve, baharat, ku\u015f yemi,bal\u0131k yemi, kedi-k\u00f6pek mamas\u0131, bitki \u00e7aylar\u0131,\u015fekerleme, at\u0131\u015ft\u0131rmal\u0131klar, kurutulmu\u015f meyveler, \u015feker,tohumlar vb. \u00fcr\u00fcnler in kullan\u0131ma uygundur.<\/p>\n","protected":false},"excerpt":{"rendered":"<table id=\"t01\" style=\"height: 185px\" width=\"534\">\n<tbody>\n<tr>\n<th>No<\/th>\n<th>En (cm)<\/th>\n<th>K\u00f6r\u00fck (cm)<\/th>\n<th>Boy (cm)<\/th>\n<th>Gramaj (gr)<\/th>\n<\/tr>\n<tr>\n<td>1<\/td>\n<td>8<\/td>\n<td>2+2<\/td>\n<td>18<\/td>\n<td>100<\/td>\n<\/tr>\n<tr>\n<td>2<\/td>\n<td>10<\/td>\n<td>3+3<\/td>\n<td>26<\/td>\n<td>250<\/td>\n<\/tr>\n<tr>\n<td>3<\/td>\n<td>11<\/td>\n<td>2,5+2,5<\/td>\n<td>30<\/td>\n<td>500<\/td>\n<\/tr>\n<tr>\n<td>4<\/td>\n<td>12,5<\/td>\n<td>3+3<\/td>\n<td>35<\/td>\n<td>750<\/td>\n<\/tr>\n<tr>\n<td>5<\/td>\n<td>15<\/td>\n<td>4+4<\/td>\n<td>40<\/td>\n<td>1000<\/td>\n<\/tr>\n<\/tbody>\n<\/table>\n","protected":false},"featured_media":2113,"template":"","meta":[],"product_cat":[37],"product_tag":[34,31,32,30,35,28,33,27,29],"class_list":{"0":"post-1702","1":"product","2":"type-product","3":"status-publish","4":"has-post-thumbnail","6":"product_cat-opp","7":"product_tag-aluminyum-poset","8":"product_tag-ambalaj","9":"product_tag-cerez-poseti","10":"product_tag-doypack","11":"product_tag-doypak-ambalaj","12":"product_tag-kilitli-poset","13":"product_tag-kuruyemis-poseti","14":"product_tag-mat-siyah-aluminyum-poset","15":"product_tag-oturan-poset","16":"zita-woo-hover-zoom","17":"zita-woo-alignment-center","18":"zita-shadow-2","19":"zita-shadow-hover-2","20":"zita-single-product-content-right","21":"zita-single-product-tab-vertical","23":"first","24":"instock","25":"shipping-taxable","26":"purchasable","27":"product-type-variable"},"_links":{"self":[{"href":"https:\/\/melekambalaj.com\/index.php?rest_route=\/wp\/v2\/product\/1702","targetHints":{"allow":["GET"]}}],"collection":[{"href":"https:\/\/melekambalaj.com\/index.php?rest_route=\/wp\/v2\/product"}],"about":[{"href":"https:\/\/melekambalaj.com\/index.php?rest_route=\/wp\/v2\/types\/product"}],"wp:featuredmedia":[{"embeddable":true,"href":"https:\/\/melekambalaj.com\/index.php?rest_route=\/wp\/v2\/media\/2113"}],"wp:attachment":[{"href":"https:\/\/melekambalaj.com\/index.php?rest_route=%2Fwp%2Fv2%2Fmedia&parent=1702"}],"wp:term":[{"taxonomy":"product_cat","embeddable":true,"href":"https:\/\/melekambalaj.com\/index.php?rest_route=%2Fwp%2Fv2%2Fproduct_cat&post=1702"},{"taxonomy":"product_tag","embeddable":true,"href":"https:\/\/melekambalaj.com\/index.php?rest_route=%2Fwp%2Fv2%2Fproduct_tag&post=1702"}],"curies":[{"name":"wp","href":"https:\/\/api.w.org\/{rel}","templated":true}]}}