{"id":1323,"date":"2021-06-15T12:22:32","date_gmt":"2021-06-15T09:22:32","guid":{"rendered":"https:\/\/melekambalaj.com\/?post_type=product&#038;p=1323"},"modified":"2025-11-17T11:47:59","modified_gmt":"2025-11-17T08:47:59","slug":"pencereli-doypack","status":"publish","type":"product","link":"https:\/\/melekambalaj.com\/?product=pencereli-doypack","title":{"rendered":"Pencereli Doypack"},"content":{"rendered":"<ul>\n<li>\u00dcr\u00fcn g\u0131da temas\u0131na uygun niteliktedir.<\/li>\n<li>Kraft kaplamas\u0131yla do\u011fal g\u00f6r\u00fcn\u00fcme sahiptir.<\/li>\n<li>\u015eeffaf penceresi sayesinde i\u00e7erisindeki \u00fcr\u00fcn\u00fc\u00a0 \u015f\u0131k bir \u015fekilde sergiler.<\/li>\n<li>Kolay a\u00e7ma \u00e7enti\u011fi sayesinde kolay ve d\u00fczg\u00fcn a\u00e7\u0131l\u0131r.<\/li>\n<li>\u00dc\u00e7 katl\u0131 olma \u00f6zelli\u011fiyle y\u00fcksek bariyer sa\u011flar . \u00fcr\u00fcn tazeli\u011fini uzun s\u00fcre korur.<\/li>\n<li>A\u00e7\u0131l\u0131r- Kapan\u0131r aroma kilit mevcuttur.<\/li>\n<li>\u00dcr\u00fcn\u00fcn dik konumda sergileme imkan\u0131 sa\u011flar.<\/li>\n<li>Hava tahliye valfi uygulanabilir. B\u00f6ylelikle i\u00e7eride havan\u0131n d\u0131\u015fa at\u0131m\u0131n\u0131 kolayla\u015ft\u0131r\u0131r.<\/li>\n<\/ul>\n<p>Markan\u0131za \u00f6zel\u00a0 tasar\u0131mla bask\u0131 yap\u0131labilir.<\/p>\n<p>\u00d6zellikle kuruyemi\u015f, kahve, baharat, ku\u015f yemi, bal\u0131k yemi, kedi-k\u00f6pek mamas\u0131, bitki \u00e7aylar\u0131, \u015fekerleme, at\u0131\u015ft\u0131rmal\u0131klar, kurutulmu\u015f meyveler, \u015feker, tohumlar vb. \u00fcr\u00fcnlerin kullan\u0131ma uygundur.<\/p>\n","protected":false},"excerpt":{"rendered":"<table id=\"t01\" style=\"height: 185px\" width=\"534\">\n<tbody>\n<tr>\n<th>No<\/th>\n<th>En (cm)<\/th>\n<th>Boy (cm)<\/th>\n<th>Gramaj (gr)<\/th>\n<\/tr>\n<tr>\n<td>1<\/td>\n<td>11<\/td>\n<td>18.5<\/td>\n<td>100<\/td>\n<\/tr>\n<tr>\n<td>2<\/td>\n<td>13<\/td>\n<td>22.5<\/td>\n<td>250<\/td>\n<\/tr>\n<tr>\n<td>3<\/td>\n<td>16<\/td>\n<td>27<\/td>\n<td>500<\/td>\n<\/tr>\n<tr>\n<td>4<\/td>\n<td>18<\/td>\n<td>29<\/td>\n<td>750<\/td>\n<\/tr>\n<tr>\n<td>5<\/td>\n<td>20<\/td>\n<td>30<\/td>\n<td>1000<\/td>\n<\/tr>\n<\/tbody>\n<\/table>\n<p>&nbsp;<\/p>\n","protected":false},"featured_media":2028,"template":"","meta":[],"product_cat":[26],"product_tag":[34,31,32,30,35,28,33,27,29],"class_list":{"0":"post-1323","1":"product","2":"type-product","3":"status-publish","4":"has-post-thumbnail","6":"product_cat-doypack","7":"product_tag-aluminyum-poset","8":"product_tag-ambalaj","9":"product_tag-cerez-poseti","10":"product_tag-doypack","11":"product_tag-doypak-ambalaj","12":"product_tag-kilitli-poset","13":"product_tag-kuruyemis-poseti","14":"product_tag-mat-siyah-aluminyum-poset","15":"product_tag-oturan-poset","16":"zita-woo-hover-zoom","17":"zita-woo-alignment-center","18":"zita-shadow-2","19":"zita-shadow-hover-2","20":"zita-single-product-content-right","21":"zita-single-product-tab-vertical","23":"first","24":"instock","25":"shipping-taxable","26":"purchasable","27":"product-type-variable"},"_links":{"self":[{"href":"https:\/\/melekambalaj.com\/index.php?rest_route=\/wp\/v2\/product\/1323","targetHints":{"allow":["GET"]}}],"collection":[{"href":"https:\/\/melekambalaj.com\/index.php?rest_route=\/wp\/v2\/product"}],"about":[{"href":"https:\/\/melekambalaj.com\/index.php?rest_route=\/wp\/v2\/types\/product"}],"wp:featuredmedia":[{"embeddable":true,"href":"https:\/\/melekambalaj.com\/index.php?rest_route=\/wp\/v2\/media\/2028"}],"wp:attachment":[{"href":"https:\/\/melekambalaj.com\/index.php?rest_route=%2Fwp%2Fv2%2Fmedia&parent=1323"}],"wp:term":[{"taxonomy":"product_cat","embeddable":true,"href":"https:\/\/melekambalaj.com\/index.php?rest_route=%2Fwp%2Fv2%2Fproduct_cat&post=1323"},{"taxonomy":"product_tag","embeddable":true,"href":"https:\/\/melekambalaj.com\/index.php?rest_route=%2Fwp%2Fv2%2Fproduct_tag&post=1323"}],"curies":[{"name":"wp","href":"https:\/\/api.w.org\/{rel}","templated":true}]}}