{"id":752,"date":"2021-05-14T14:32:51","date_gmt":"2021-05-14T11:32:51","guid":{"rendered":"https:\/\/melekambalaj.com\/?post_type=product&#038;p=752"},"modified":"2024-03-18T13:48:27","modified_gmt":"2024-03-18T10:48:27","slug":"gold-klips","status":"publish","type":"product","link":"https:\/\/melekambalaj.com\/?product=gold-klips","title":{"rendered":"Gold Klips"},"content":{"rendered":"<ul>\n<li>Po\u015fetlerin ag\u0131z k\u0131sm\u0131n\u0131 kapatarak hava giri\u015fini engellmenizi sa\u011flar.<\/li>\n<li>Po\u015fet i\u00e7ine konan \u00fcr\u00fcn\u00fcn tekrar tekrar kullan\u0131lmas\u0131n\u0131 ve po\u015fetin kolayca a\u00e7\u0131l\u0131p kapanmas\u0131n\u0131 sa\u011flar.<\/li>\n<li>Gold rengiyle \u00fcr\u00fcn\u00fcn\u00fcze \u015f\u0131k bir g\u00f6r\u00fcn\u00fcm verir.<\/li>\n<\/ul>\n","protected":false},"excerpt":{"rendered":"<p>Paket i\u00e7erisinde 1000 Adet mevcuttur.<\/p>\n","protected":false},"featured_media":991,"template":"","meta":[],"product_cat":[39],"product_tag":[34,31,32,30,35,28,33,27,29],"class_list":{"0":"post-752","1":"product","2":"type-product","3":"status-publish","4":"has-post-thumbnail","6":"product_cat-klips","7":"product_tag-aluminyum-poset","8":"product_tag-ambalaj","9":"product_tag-cerez-poseti","10":"product_tag-doypack","11":"product_tag-doypak-ambalaj","12":"product_tag-kilitli-poset","13":"product_tag-kuruyemis-poseti","14":"product_tag-mat-siyah-aluminyum-poset","15":"product_tag-oturan-poset","16":"zita-woo-hover-zoom","17":"zita-woo-alignment-center","18":"zita-shadow-2","19":"zita-shadow-hover-2","20":"zita-single-product-content-right","21":"zita-single-product-tab-vertical","23":"first","24":"instock","25":"shipping-taxable","26":"purchasable","27":"product-type-simple"},"_links":{"self":[{"href":"https:\/\/melekambalaj.com\/index.php?rest_route=\/wp\/v2\/product\/752","targetHints":{"allow":["GET"]}}],"collection":[{"href":"https:\/\/melekambalaj.com\/index.php?rest_route=\/wp\/v2\/product"}],"about":[{"href":"https:\/\/melekambalaj.com\/index.php?rest_route=\/wp\/v2\/types\/product"}],"wp:featuredmedia":[{"embeddable":true,"href":"https:\/\/melekambalaj.com\/index.php?rest_route=\/wp\/v2\/media\/991"}],"wp:attachment":[{"href":"https:\/\/melekambalaj.com\/index.php?rest_route=%2Fwp%2Fv2%2Fmedia&parent=752"}],"wp:term":[{"taxonomy":"product_cat","embeddable":true,"href":"https:\/\/melekambalaj.com\/index.php?rest_route=%2Fwp%2Fv2%2Fproduct_cat&post=752"},{"taxonomy":"product_tag","embeddable":true,"href":"https:\/\/melekambalaj.com\/index.php?rest_route=%2Fwp%2Fv2%2Fproduct_tag&post=752"}],"curies":[{"name":"wp","href":"https:\/\/api.w.org\/{rel}","templated":true}]}}