{"id":1787,"date":"2021-06-20T11:58:37","date_gmt":"2021-06-20T08:58:37","guid":{"rendered":"https:\/\/melekambalaj.com\/?post_type=product&#038;p=1787"},"modified":"2021-06-20T20:13:25","modified_gmt":"2021-06-20T17:13:25","slug":"yan-koruklu-alimunyum-kahve-torbasi","status":"publish","type":"product","link":"https:\/\/melekambalaj.com\/?product=yan-koruklu-alimunyum-kahve-torbasi","title":{"rendered":"Yan K\u00f6r\u00fckl\u00fc Alim\u00fcnyum Kahve Torbas\u0131"},"content":{"rendered":"<ul>\n<li>\u00dcr\u00fcn g\u0131da temas\u0131na uygun niteliktedir.<\/li>\n<\/ul>\n<p>Geni\u015f i\u00e7 hacim sayesinde tercih edilen, sahip oldu\u011fu d\u00f6rt y\u00fcz\u00fc sayesinde geni\u015f reklam olana\u011f\u0131 sa\u011flayan Al\u00fcminyum Yan K\u00f6r\u00fckl\u00fc Torba;<\/p>\n<ul>\n<li>\u00dc\u00e7 katl\u0131 olma \u00f6zelli\u011fiyle y\u00fcksek bariyer sa\u011flar . \u00dcr\u00fcn tazeli\u011fini uzun s\u00fcre korur.<\/li>\n<li>\u015eekli itibariyle \u00fcr\u00fcn\u00fcn rafta farkedilebilirli\u011fini artt\u0131r\u0131r, dikkat \u00e7eker.<\/li>\n<li>Hafif olmas\u0131 ve geni\u015f i\u00e7 hacmi sayesinde ekonomiktir, lojistik maliyetleri azalt\u0131r.<\/li>\n<li>Valf se\u00e7ene\u011fiyle kahve \u00e7e\u015fitleri i\u00e7in ambalaj i\u00e7erisinde biriken gaz\u0131n d\u0131\u015far\u0131 at\u0131lmas\u0131n\u0131 sa\u011flar.<\/li>\n<li>\u0130\u00e7indeki \u00fcr\u00fcn\u00fcn ihtiya\u00e7lar\u0131na uygun \u00f6zelliklerde \u00fcretilebilir.<\/li>\n<li>Flexo, Rotograv\u00fcr bask\u0131 ve etiket uygulanabilirli\u011fi sayesinde markan\u0131z\u0131n tan\u0131t\u0131m\u0131na imkan sa\u011flar.<\/li>\n<li>Firesiz dolum imkan\u0131 sa\u011flar.<\/li>\n<li>Yeni i\u015fletmeler ve \u00fcr\u00fcn gruplar\u0131 i\u00e7in dolum makinesi gibi y\u00fcksek maliyet gerektiren yat\u0131r\u0131mlar yapmadan \u00fcr\u00fcn\u00fcn pazara girebilmesini sa\u011flar.<\/li>\n<\/ul>\n<p>\u00d6zellikle kuruyemi\u015f, kahve \u00e7ekirde\u011fi espresso , baharat,ku\u015f yemi, bal\u0131k yemi, bitki \u00e7aylar\u0131, \u015fekerleme, at\u0131\u015ft\u0131rmal\u0131klar, kuru g\u0131da vb kullan\u0131m alanlar\u0131 bulunmaktad\u0131r.<\/p>\n","protected":false},"excerpt":{"rendered":"<table id=\"t01\" style=\"height: 185px;\" width=\"534\">\n<tbody>\n<tr>\n<th>No<\/th>\n<th>En (cm)<\/th>\n<th>Boy (cm)<\/th>\n<th>Gramaj (gr)<\/th>\n<\/tr>\n<tr>\n<td>1<\/td>\n<td>10<\/td>\n<td>25<\/td>\n<td>250<\/td>\n<\/tr>\n<tr>\n<td>2<\/td>\n<td>10<\/td>\n<td>34<\/td>\n<td>500<\/td>\n<\/tr>\n<tr>\n<td>3<\/td>\n<td>12.5<\/td>\n<td>40<\/td>\n<td>1000<\/td>\n<\/tr>\n<\/tbody>\n<\/table>\n","protected":false},"featured_media":2044,"template":"","meta":[],"product_cat":[37],"product_tag":[34,31,32,30,35,28,33,27,29],"class_list":{"0":"post-1787","1":"product","2":"type-product","3":"status-publish","4":"has-post-thumbnail","6":"product_cat-opp","7":"product_tag-aluminyum-poset","8":"product_tag-ambalaj","9":"product_tag-cerez-poseti","10":"product_tag-doypack","11":"product_tag-doypak-ambalaj","12":"product_tag-kilitli-poset","13":"product_tag-kuruyemis-poseti","14":"product_tag-mat-siyah-aluminyum-poset","15":"product_tag-oturan-poset","16":"zita-woo-hover-zoom","17":"zita-woo-alignment-center","18":"zita-shadow-2","19":"zita-shadow-hover-2","20":"zita-single-product-content-right","21":"zita-single-product-tab-vertical","23":"first","24":"instock","25":"shipping-taxable","26":"purchasable","27":"product-type-variable"},"_links":{"self":[{"href":"https:\/\/melekambalaj.com\/index.php?rest_route=\/wp\/v2\/product\/1787","targetHints":{"allow":["GET"]}}],"collection":[{"href":"https:\/\/melekambalaj.com\/index.php?rest_route=\/wp\/v2\/product"}],"about":[{"href":"https:\/\/melekambalaj.com\/index.php?rest_route=\/wp\/v2\/types\/product"}],"wp:featuredmedia":[{"embeddable":true,"href":"https:\/\/melekambalaj.com\/index.php?rest_route=\/wp\/v2\/media\/2044"}],"wp:attachment":[{"href":"https:\/\/melekambalaj.com\/index.php?rest_route=%2Fwp%2Fv2%2Fmedia&parent=1787"}],"wp:term":[{"taxonomy":"product_cat","embeddable":true,"href":"https:\/\/melekambalaj.com\/index.php?rest_route=%2Fwp%2Fv2%2Fproduct_cat&post=1787"},{"taxonomy":"product_tag","embeddable":true,"href":"https:\/\/melekambalaj.com\/index.php?rest_route=%2Fwp%2Fv2%2Fproduct_tag&post=1787"}],"curies":[{"name":"wp","href":"https:\/\/api.w.org\/{rel}","templated":true}]}}