{"id":541,"date":"2021-02-21T01:16:29","date_gmt":"2021-02-20T22:16:29","guid":{"rendered":"https:\/\/melekambalaj.com\/?page_id=541"},"modified":"2021-02-21T01:26:41","modified_gmt":"2021-02-20T22:26:41","slug":"uretim-ve-teknoloji","status":"publish","type":"page","link":"https:\/\/melekambalaj.com\/?page_id=541","title":{"rendered":""},"content":{"rendered":"\t\t<div data-elementor-type=\"wp-page\" data-elementor-id=\"541\" class=\"elementor elementor-541\">\n\t\t\t\t\t\t<div class=\"elementor-inner\">\n\t\t\t\t<div class=\"elementor-section-wrap\">\n\t\t\t\t\t\t\t\t\t<section class=\"elementor-section elementor-top-section elementor-element elementor-element-0de7e6f elementor-section-boxed elementor-section-height-default elementor-section-height-default\" data-id=\"0de7e6f\" data-element_type=\"section\" data-settings=\"{&quot;background_background&quot;:&quot;classic&quot;}\">\n\t\t\t\t\t\t<div class=\"elementor-container elementor-column-gap-default\">\n\t\t\t\t\t\t\t<div class=\"elementor-row\">\n\t\t\t\t\t<div class=\"elementor-column elementor-col-100 elementor-top-column elementor-element elementor-element-55223bd\" data-id=\"55223bd\" data-element_type=\"column\">\n\t\t\t<div class=\"elementor-column-wrap elementor-element-populated\">\n\t\t\t\t\t\t\t<div class=\"elementor-widget-wrap\">\n\t\t\t\t\t\t<section class=\"elementor-section elementor-inner-section elementor-element elementor-element-0ded16a elementor-section-boxed elementor-section-height-default elementor-section-height-default\" data-id=\"0ded16a\" data-element_type=\"section\">\n\t\t\t\t\t\t<div class=\"elementor-container elementor-column-gap-default\">\n\t\t\t\t\t\t\t<div class=\"elementor-row\">\n\t\t\t\t\t<div class=\"elementor-column elementor-col-50 elementor-inner-column elementor-element elementor-element-f4cdd84\" data-id=\"f4cdd84\" data-element_type=\"column\">\n\t\t\t<div class=\"elementor-column-wrap elementor-element-populated\">\n\t\t\t\t\t\t\t<div class=\"elementor-widget-wrap\">\n\t\t\t\t\t\t<div class=\"elementor-element elementor-element-c7ae31c elementor-widget elementor-widget-image\" data-id=\"c7ae31c\" data-element_type=\"widget\" data-widget_type=\"image.default\">\n\t\t\t\t<div class=\"elementor-widget-container\">\n\t\t\t\t\t\t\t\t<div class=\"elementor-image\">\n\t\t\t\t\t\t\t\t\t\t\t\t<img loading=\"lazy\" decoding=\"async\" width=\"500\" height=\"333\" src=\"https:\/\/melekambalaj.com\/wp-content\/uploads\/2021\/02\/uretim.jpg\" class=\"attachment-large size-large wp-image-549\" alt=\"\" srcset=\"https:\/\/melekambalaj.com\/wp-content\/uploads\/2021\/02\/uretim.jpg 500w, https:\/\/melekambalaj.com\/wp-content\/uploads\/2021\/02\/uretim-300x200.jpg 300w\" sizes=\"auto, (max-width: 500px) 100vw, 500px\" \/>\t\t\t\t\t\t\t\t\t\t\t\t\t\t<\/div>\n\t\t\t\t\t\t<\/div>\n\t\t\t\t<\/div>\n\t\t\t\t\t\t<\/div>\n\t\t\t\t\t<\/div>\n\t\t<\/div>\n\t\t\t\t<div class=\"elementor-column elementor-col-50 elementor-inner-column elementor-element elementor-element-ef49e1b\" data-id=\"ef49e1b\" data-element_type=\"column\">\n\t\t\t<div class=\"elementor-column-wrap elementor-element-populated\">\n\t\t\t\t\t\t\t<div class=\"elementor-widget-wrap\">\n\t\t\t\t\t\t<div class=\"elementor-element elementor-element-e9478b8 elementor-view-default elementor-widget elementor-widget-icon\" data-id=\"e9478b8\" data-element_type=\"widget\" data-widget_type=\"icon.default\">\n\t\t\t\t<div class=\"elementor-widget-container\">\n\t\t\t\t\t<div class=\"elementor-icon-wrapper\">\n\t\t\t<div class=\"elementor-icon\">\n\t\t\t<i aria-hidden=\"true\" class=\"fas fa-quote-right\"><\/i>\t\t\t<\/div>\n\t\t<\/div>\n\t\t\t\t<\/div>\n\t\t\t\t<\/div>\n\t\t\t\t<div class=\"elementor-element elementor-element-de5bef3 elementor-widget elementor-widget-heading\" data-id=\"de5bef3\" data-element_type=\"widget\" data-widget_type=\"heading.default\">\n\t\t\t\t<div class=\"elementor-widget-container\">\n\t\t\t<h2 class=\"elementor-heading-title elementor-size-default\"><span style=\"color: rgb(102, 102, 102); font-family: &quot;Open Sans&quot;; font-size: 14px; font-style: normal; font-weight: 400; letter-spacing: normal; text-transform: none; white-space: normal;\">4, 6 ve 8 renk 80cm ile 150 cm eninde flexo matbaa parkuru, iki kat ve \u00fc\u00e7 kat laminasyon teknolojisi&nbsp;d\u00fcz kesim vakum kesim perfore kesim, dilimleme, quadro ve doypack kesim makina parkurlar\u0131 mono ve quex extruder katl\u0131 \u00e7ekim makinalar\u0131 ile \u00fcretim&nbsp;hizmeti sa\u011flanmaktad\u0131r.<\/span><\/h2>\t\t<\/div>\n\t\t\t\t<\/div>\n\t\t\t\t\t\t<\/div>\n\t\t\t\t\t<\/div>\n\t\t<\/div>\n\t\t\t\t\t\t\t\t<\/div>\n\t\t\t\t\t<\/div>\n\t\t<\/section>\n\t\t\t\t\t\t<\/div>\n\t\t\t\t\t<\/div>\n\t\t<\/div>\n\t\t\t\t\t\t\t\t<\/div>\n\t\t\t\t\t<\/div>\n\t\t<\/section>\n\t\t\t\t\t\t\t\t\t<\/div>\n\t\t\t<\/div>\n\t\t\t\t\t<\/div>\n\t\t","protected":false},"excerpt":{"rendered":"<p>4, 6 ve 8 renk 80cm ile 150 cm eninde flexo matbaa parkuru, iki kat ve \u00fc\u00e7 kat laminasyon teknolojisi&nbsp;d\u00fcz kesim vakum kesim perfore kesim, dilimleme, quadro ve doypack kesim makina parkurlar\u0131 mono ve quex extruder katl\u0131 \u00e7ekim makinalar\u0131 ile \u00fcretim&nbsp;hizmeti sa\u011flanmaktad\u0131r.<\/p>\n","protected":false},"author":1,"featured_media":0,"parent":0,"menu_order":0,"comment_status":"closed","ping_status":"closed","template":"","meta":{"footnotes":""},"class_list":["post-541","page","type-page","status-publish","hentry","zita-woo-hover-zoom","zita-woo-alignment-center","zita-shadow-2","zita-shadow-hover-2","zita-single-product-content-right","zita-single-product-tab-vertical"],"_links":{"self":[{"href":"https:\/\/melekambalaj.com\/index.php?rest_route=\/wp\/v2\/pages\/541","targetHints":{"allow":["GET"]}}],"collection":[{"href":"https:\/\/melekambalaj.com\/index.php?rest_route=\/wp\/v2\/pages"}],"about":[{"href":"https:\/\/melekambalaj.com\/index.php?rest_route=\/wp\/v2\/types\/page"}],"author":[{"embeddable":true,"href":"https:\/\/melekambalaj.com\/index.php?rest_route=\/wp\/v2\/users\/1"}],"replies":[{"embeddable":true,"href":"https:\/\/melekambalaj.com\/index.php?rest_route=%2Fwp%2Fv2%2Fcomments&post=541"}],"version-history":[{"count":8,"href":"https:\/\/melekambalaj.com\/index.php?rest_route=\/wp\/v2\/pages\/541\/revisions"}],"predecessor-version":[{"id":552,"href":"https:\/\/melekambalaj.com\/index.php?rest_route=\/wp\/v2\/pages\/541\/revisions\/552"}],"wp:attachment":[{"href":"https:\/\/melekambalaj.com\/index.php?rest_route=%2Fwp%2Fv2%2Fmedia&parent=541"}],"curies":[{"name":"wp","href":"https:\/\/api.w.org\/{rel}","templated":true}]}}