{"id":1875,"date":"2021-06-20T13:21:38","date_gmt":"2021-06-20T10:21:38","guid":{"rendered":"https:\/\/melekambalaj.com\/?post_type=product&#038;p=1875"},"modified":"2021-06-20T19:33:10","modified_gmt":"2021-06-20T16:33:10","slug":"quadro-torbalar","status":"publish","type":"product","link":"https:\/\/melekambalaj.com\/?product=quadro-torbalar","title":{"rendered":"Quadro Torbalar"},"content":{"rendered":"<ul>\n<li>Sa\u011flad\u0131\u011f\u0131 geni\u015f i\u00e7 hacim sayesinde tercih edilen, sahip oldu\u011fu d\u00f6rt y\u00fcz\u00fc sayesinde geni\u015f reklam olana\u011f\u0131 sa\u011flayan Quadro Torbalar;<\/li>\n<li>\u015eekli itibariyle \u00fcr\u00fcn\u00fcn rafta farkedilebilirli\u011fini artt\u0131r\u0131r, dikkat \u00e7eker.<\/li>\n<li>\u0130\u00e7indeki \u00fcr\u00fcn\u00fcn ihtiya\u00e7lar\u0131na uygun \u00f6zelliklerde \u00fcretilebilir.<\/li>\n<li>Firesiz dolum imkan\u0131 sa\u011flar.<\/li>\n<li>10 renge kadar bask\u0131 imkan\u0131 y\u00fcksek kaliteli bask\u0131 se\u00e7ene\u011fiyle \u00fcr\u00fcnlerinizin albenisi art\u0131racakt\u0131r.<\/li>\n<li>Yeni i\u015fletmeler ve \u00fcr\u00fcn gruplar\u0131 i\u00e7in dolum makinesi gibi y\u00fcksek maliyet gerektiren yat\u0131r\u0131mlar yapmadan \u00fcr\u00fcn\u00fcn pazara girebilmesini sa\u011flar.<\/li>\n<li>Hafif olmas\u0131 ve geni\u015f i\u00e7 hacmi sayesinde ekonomiktir, lojistik maliyetleri azalt\u0131r.<\/li>\n<\/ul>\n<p>\u00d6zellikle kahve, kuruyemi\u015f, baharat,ku\u015f yemi, bitki \u00e7aylar\u0131, cips, at\u0131\u015ft\u0131rmal\u0131klar, bakliyat vb kullan\u0131m alanlar\u0131 bulunmaktad\u0131r.<\/p>\n","protected":false},"excerpt":{"rendered":"<p>Sa\u011flad\u0131\u011f\u0131 geni\u015f i\u00e7 hacim sayesinde tercih edilen, sahip oldu\u011fu d\u00f6rt y\u00fcz\u00fc sayesinde geni\u015f reklam olana\u011f\u0131 sa\u011flayan Quadro Torbalar; \u015eekli itibariyle \u00fcr\u00fcn\u00fcn rafta farkedilebilirli\u011fini artt\u0131r\u0131r, dikkat \u00e7eker. \u0130\u00e7indeki \u00fcr\u00fcn\u00fcn ihtiya\u00e7lar\u0131na uygun \u00f6zelliklerde \u00fcretilebilir. Firesiz dolum imkan\u0131 sa\u011flar. 10 renge kadar bask\u0131 imkan\u0131 y\u00fcksek kaliteli bask\u0131 se\u00e7ene\u011fiyle \u00fcr\u00fcnlerinizin albenisi art\u0131racakt\u0131r. Yeni i\u015fletmeler ve \u00fcr\u00fcn gruplar\u0131 i\u00e7in dolum [&hellip;]<\/p>\n","protected":false},"featured_media":2034,"template":"","meta":[],"product_cat":[37],"product_tag":[34,31,32,30,35,28,33,27,29],"class_list":{"0":"post-1875","1":"product","2":"type-product","3":"status-publish","4":"has-post-thumbnail","6":"product_cat-opp","7":"product_tag-aluminyum-poset","8":"product_tag-ambalaj","9":"product_tag-cerez-poseti","10":"product_tag-doypack","11":"product_tag-doypak-ambalaj","12":"product_tag-kilitli-poset","13":"product_tag-kuruyemis-poseti","14":"product_tag-mat-siyah-aluminyum-poset","15":"product_tag-oturan-poset","16":"zita-woo-hover-zoom","17":"zita-woo-alignment-center","18":"zita-shadow-2","19":"zita-shadow-hover-2","20":"zita-single-product-content-right","21":"zita-single-product-tab-vertical","23":"first","24":"instock","25":"shipping-taxable","26":"purchasable","27":"product-type-variable"},"_links":{"self":[{"href":"https:\/\/melekambalaj.com\/index.php?rest_route=\/wp\/v2\/product\/1875","targetHints":{"allow":["GET"]}}],"collection":[{"href":"https:\/\/melekambalaj.com\/index.php?rest_route=\/wp\/v2\/product"}],"about":[{"href":"https:\/\/melekambalaj.com\/index.php?rest_route=\/wp\/v2\/types\/product"}],"wp:featuredmedia":[{"embeddable":true,"href":"https:\/\/melekambalaj.com\/index.php?rest_route=\/wp\/v2\/media\/2034"}],"wp:attachment":[{"href":"https:\/\/melekambalaj.com\/index.php?rest_route=%2Fwp%2Fv2%2Fmedia&parent=1875"}],"wp:term":[{"taxonomy":"product_cat","embeddable":true,"href":"https:\/\/melekambalaj.com\/index.php?rest_route=%2Fwp%2Fv2%2Fproduct_cat&post=1875"},{"taxonomy":"product_tag","embeddable":true,"href":"https:\/\/melekambalaj.com\/index.php?rest_route=%2Fwp%2Fv2%2Fproduct_tag&post=1875"}],"curies":[{"name":"wp","href":"https:\/\/api.w.org\/{rel}","templated":true}]}}