{"id":1748,"date":"2021-06-18T19:12:01","date_gmt":"2021-06-18T16:12:01","guid":{"rendered":"https:\/\/melekambalaj.com\/?post_type=product&#038;p=1748"},"modified":"2021-06-20T18:31:18","modified_gmt":"2021-06-20T15:31:18","slug":"atlet-poset","status":"publish","type":"product","link":"https:\/\/melekambalaj.com\/?product=atlet-poset","title":{"rendered":"\u00d6zel Tasar\u0131ml\u0131 Atlet Po\u015fetler"},"content":{"rendered":"<ul>\n<li>MARKANIZA \u00d6ZEL TASARIMLA BASKI YAPILAB\u0130L\u0130R<\/li>\n<li>YAN K\u00d6R\u00dcKLER SAYES\u0130NDE \u0130\u00c7ER\u0130S\u0130NE\u00a0 \u0130STED\u0130\u011e\u0130N\u0130Z \u00dcR\u00dcN\u00dc KOYAB\u0130L\u0130RS\u0130N\u0130Z.<\/li>\n<\/ul>\n","protected":false},"excerpt":{"rendered":"<table id=\"t01\" style=\"height: 185px;\" width=\"534\">\n<tbody>\n<tr>\n<th>No<\/th>\n<th>En (cm)<\/th>\n<th>Boy (cm)<\/th>\n<th>Boy<\/th>\n<\/tr>\n<tr>\n<td>1<\/td>\n<td>23<\/td>\n<td>35<\/td>\n<td>B\u00fcc\u00fcr<\/td>\n<\/tr>\n<tr>\n<td>2<\/td>\n<td>26<\/td>\n<td>40<\/td>\n<td>Mini<\/td>\n<\/tr>\n<tr>\n<td>3<\/td>\n<td>27<\/td>\n<td>50<\/td>\n<td>Orta<\/td>\n<\/tr>\n<tr>\n<td>4<\/td>\n<td>30<\/td>\n<td>55<\/td>\n<td>B\u00fcy\u00fck<\/td>\n<\/tr>\n<\/tbody>\n<\/table>\n","protected":false},"featured_media":2004,"template":"","meta":[],"product_cat":[41],"product_tag":[34,31,32,30,35,28,33,27,29],"class_list":{"0":"post-1748","1":"product","2":"type-product","3":"status-publish","4":"has-post-thumbnail","6":"product_cat-pe","7":"product_tag-aluminyum-poset","8":"product_tag-ambalaj","9":"product_tag-cerez-poseti","10":"product_tag-doypack","11":"product_tag-doypak-ambalaj","12":"product_tag-kilitli-poset","13":"product_tag-kuruyemis-poseti","14":"product_tag-mat-siyah-aluminyum-poset","15":"product_tag-oturan-poset","16":"zita-woo-hover-zoom","17":"zita-woo-alignment-center","18":"zita-shadow-2","19":"zita-shadow-hover-2","20":"zita-single-product-content-right","21":"zita-single-product-tab-vertical","23":"first","24":"instock","25":"shipping-taxable","26":"product-type-variable"},"_links":{"self":[{"href":"https:\/\/melekambalaj.com\/index.php?rest_route=\/wp\/v2\/product\/1748","targetHints":{"allow":["GET"]}}],"collection":[{"href":"https:\/\/melekambalaj.com\/index.php?rest_route=\/wp\/v2\/product"}],"about":[{"href":"https:\/\/melekambalaj.com\/index.php?rest_route=\/wp\/v2\/types\/product"}],"wp:featuredmedia":[{"embeddable":true,"href":"https:\/\/melekambalaj.com\/index.php?rest_route=\/wp\/v2\/media\/2004"}],"wp:attachment":[{"href":"https:\/\/melekambalaj.com\/index.php?rest_route=%2Fwp%2Fv2%2Fmedia&parent=1748"}],"wp:term":[{"taxonomy":"product_cat","embeddable":true,"href":"https:\/\/melekambalaj.com\/index.php?rest_route=%2Fwp%2Fv2%2Fproduct_cat&post=1748"},{"taxonomy":"product_tag","embeddable":true,"href":"https:\/\/melekambalaj.com\/index.php?rest_route=%2Fwp%2Fv2%2Fproduct_tag&post=1748"}],"curies":[{"name":"wp","href":"https:\/\/api.w.org\/{rel}","templated":true}]}}